{"id":48,"date":"2025-06-13T13:20:20","date_gmt":"2025-06-13T13:20:20","guid":{"rendered":"https:\/\/kai-blachut.de\/?page_id=48"},"modified":"2025-07-16T11:39:53","modified_gmt":"2025-07-16T10:39:53","slug":"impressum","status":"publish","type":"page","link":"https:\/\/kai-blachut.de\/en\/impressum\/","title":{"rendered":"Imprint"},"content":{"rendered":"<h3 class=\"wp-block-heading\"><strong>Kai Alexander Blachut<\/strong><br>Baumwollweg 4<br>49082 Osnabr\u00fcck<\/h3>\n\n\n\n<p><br>E-Mail: <a>kontakt@kai-blachut.de<\/a><\/p>\n\n\n\n<p>Phone: +49 1575 7114072<\/p>\n\n\n\n<p><strong>Job title:<\/strong><br>Freelance mechanical engineer (awarded in Germany)<\/p>\n\n\n\n<p><strong>Responsible for content in accordance with \u00a7 55 (2) RStV (German law):<\/strong><br>Kai Alexander Blachut<br>Baumwollweg 4<br>49082 Osnabr\u00fcck<\/p>\n\n\n\n<p><strong>Disclaimer:<\/strong><br>Despite careful content control, we assume no liability for the content of external links. The operators of linked sites are solely responsible for their content.<\/p>\n\n\n\n<p><strong>Hosting:<\/strong><br>This website is hosted by:<br>Serverprofis GmbH &amp; Co. KG<br>Am Diebsteich 17<br>22761 Hamburg<br>Deutschland<br>Telefon: +49 (0) 40 5555 5555<br>E-Mail: <a>info@serverprofis.de<\/a><br>Website: <a class=\"\" href=\"https:\/\/www.serverprofis.de\">https:\/\/www.serverprofis.de<\/a><\/p>","protected":false},"excerpt":{"rendered":"<p>Kai Alexander BlachutBaumwollweg 449082 Osnabr\u00fcck E-Mail: kontakt@kai-blachut.de Telefon: +49 1575 7114072 Berufsbezeichnung:Freiberuflicher Maschinenbauingenieur (verliehen in Deutschland) Verantwortlich f\u00fcr den Inhalt nach \u00a7 55 Abs. 2 RStV:Kai Alexander BlachutBaumwollweg 449082 Osnabr\u00fcck Haftungsausschluss:Trotz sorgf\u00e4ltiger inhaltlicher Kontrolle \u00fcbernehmen wir keine Haftung f\u00fcr die Inhalte externer Links. F\u00fcr den Inhalt der verlinkten Seiten sind ausschlie\u00dflich deren Betreiber verantwortlich. Hosting:Diese [&hellip;]<\/p>\n","protected":false},"author":1,"featured_media":0,"parent":0,"menu_order":0,"comment_status":"closed","ping_status":"closed","template":"","meta":{"_acf_changed":false,"footnotes":""},"class_list":["post-48","page","type-page","status-publish","hentry"],"acf":[],"_links":{"self":[{"href":"https:\/\/kai-blachut.de\/en\/wp-json\/wp\/v2\/pages\/48","targetHints":{"allow":["GET"]}}],"collection":[{"href":"https:\/\/kai-blachut.de\/en\/wp-json\/wp\/v2\/pages"}],"about":[{"href":"https:\/\/kai-blachut.de\/en\/wp-json\/wp\/v2\/types\/page"}],"author":[{"embeddable":true,"href":"https:\/\/kai-blachut.de\/en\/wp-json\/wp\/v2\/users\/1"}],"replies":[{"embeddable":true,"href":"https:\/\/kai-blachut.de\/en\/wp-json\/wp\/v2\/comments?post=48"}],"version-history":[{"count":3,"href":"https:\/\/kai-blachut.de\/en\/wp-json\/wp\/v2\/pages\/48\/revisions"}],"predecessor-version":[{"id":633,"href":"https:\/\/kai-blachut.de\/en\/wp-json\/wp\/v2\/pages\/48\/revisions\/633"}],"wp:attachment":[{"href":"https:\/\/kai-blachut.de\/en\/wp-json\/wp\/v2\/media?parent=48"}],"curies":[{"name":"wp","href":"https:\/\/api.w.org\/{rel}","templated":true}]}}