{"id":651,"date":"2025-07-21T15:02:04","date_gmt":"2025-07-21T14:02:04","guid":{"rendered":"https:\/\/kai-blachut.de\/?page_id=651"},"modified":"2025-07-22T17:34:47","modified_gmt":"2025-07-22T16:34:47","slug":"kontakt-nachricht","status":"publish","type":"page","link":"https:\/\/kai-blachut.de\/en\/kontakt-nachricht\/","title":{"rendered":"Send message"},"content":{"rendered":"<p>You can reach me at this e-mail address:<\/p>\n\n\n\n<blockquote class=\"wp-block-quote is-layout-flow wp-block-quote-is-layout-flow\">\n<span id=\"email-field\" style=\"font-size: 3rem;\"><\/span>\n\n<script>\n  const part1 = \"kontakt\";\n  const part2 = \"kai-blachut.de\";\n  document.getElementById(\"email-field\").innerText = part1 + \"@\" + part2;\n<\/script>\n\n\n\n<div class=\"wp-block-group is-nowrap is-layout-flex wp-container-core-group-is-layout-6c531013 wp-block-group-is-layout-flex\">\n<figure class=\"wp-block-image size-medium is-resized\"><img loading=\"lazy\" decoding=\"async\" width=\"249\" height=\"300\" src=\"https:\/\/kai-blachut.de\/wp-content\/uploads\/2025\/07\/tls-249x300.png\" alt=\"\" class=\"wp-image-690\" style=\"width:auto;height:50px\" title=\"TLS Support\" srcset=\"https:\/\/kai-blachut.de\/wp-content\/uploads\/2025\/07\/tls-249x300.png 249w, https:\/\/kai-blachut.de\/wp-content\/uploads\/2025\/07\/tls-10x12.png 10w, https:\/\/kai-blachut.de\/wp-content\/uploads\/2025\/07\/tls.png 372w\" sizes=\"auto, (max-width: 249px) 100vw, 249px\" \/><\/figure>\n\n\n\n<figure class=\"wp-block-image size-medium is-resized pgp-copy-img\"><img loading=\"lazy\" decoding=\"async\" width=\"300\" height=\"151\" src=\"https:\/\/kai-blachut.de\/wp-content\/uploads\/2025\/07\/pgp2-300x151.png\" alt=\"\" class=\"wp-image-694\" style=\"width:auto;height:45px\" title=\"PGP Support\" srcset=\"https:\/\/kai-blachut.de\/wp-content\/uploads\/2025\/07\/pgp2-300x151.png 300w, https:\/\/kai-blachut.de\/wp-content\/uploads\/2025\/07\/pgp2-18x9.png 18w, https:\/\/kai-blachut.de\/wp-content\/uploads\/2025\/07\/pgp2.png 486w\" sizes=\"auto, (max-width: 300px) 100vw, 300px\" \/><\/figure>\n<\/div>\n<\/blockquote>\n\n\n\n<div style=\"height:40px\" aria-hidden=\"true\" class=\"wp-block-spacer\"><\/div>\n\n\n\n<p>Alternatively, you can also fill out the following form:<\/p>\n\n\n\n<div class=\"wpcf7 no-js\" id=\"wpcf7-f182-o1\" lang=\"de-DE\" dir=\"ltr\" data-wpcf7-id=\"182\">\n<div class=\"screen-reader-response\"><p role=\"status\" aria-live=\"polite\" aria-atomic=\"true\"><\/p> <ul><\/ul><\/div>\n<form action=\"\/en\/wp-json\/wp\/v2\/pages\/651#wpcf7-f182-o1\" method=\"post\" class=\"wpcf7-form init\" aria-label=\"Contact form\" novalidate=\"novalidate\" data-status=\"init\" data-trp-original-action=\"\/en\/wp-json\/wp\/v2\/pages\/651#wpcf7-f182-o1\">\n<fieldset class=\"hidden-fields-container\"><input type=\"hidden\" name=\"_wpcf7\" value=\"182\" \/><input type=\"hidden\" name=\"_wpcf7_version\" value=\"6.1.5\" \/><input type=\"hidden\" name=\"_wpcf7_locale\" value=\"de_DE\" \/><input type=\"hidden\" name=\"_wpcf7_unit_tag\" value=\"wpcf7-f182-o1\" \/><input type=\"hidden\" name=\"_wpcf7_container_post\" value=\"0\" \/><input type=\"hidden\" name=\"_wpcf7_posted_data_hash\" value=\"\" \/><input type=\"hidden\" name=\"_wpcf7_recaptcha_response\" value=\"\" \/>\n<\/fieldset>\n<p><label> Your name<br \/>\n<span class=\"wpcf7-form-control-wrap\" data-name=\"your-name\"><input size=\"40\" maxlength=\"400\" class=\"wpcf7-form-control wpcf7-text wpcf7-validates-as-required\" autocomplete=\"name\" aria-required=\"true\" aria-invalid=\"false\" value=\"\" type=\"text\" name=\"your-name\" \/><\/span> <\/label>\n<\/p>\n<p><label> Your E-Mail address<br \/>\n<span class=\"wpcf7-form-control-wrap\" data-name=\"your-email\"><input size=\"40\" maxlength=\"400\" class=\"wpcf7-form-control wpcf7-email wpcf7-validates-as-required wpcf7-text wpcf7-validates-as-email\" autocomplete=\"email\" aria-required=\"true\" aria-invalid=\"false\" value=\"\" type=\"email\" name=\"your-email\" \/><\/span> <\/label>\n<\/p>\n<p><label> Your phone number (optional)<br \/>\n<span class=\"wpcf7-form-control-wrap\" data-name=\"your-tel\"><input size=\"40\" maxlength=\"400\" class=\"wpcf7-form-control wpcf7-tel wpcf7-text wpcf7-validates-as-tel\" aria-invalid=\"false\" value=\"\" type=\"tel\" name=\"your-tel\" \/><\/span> <\/label>\n<\/p>\n<p><label> Topic (optional)<br \/>\n<span class=\"wpcf7-form-control-wrap\" data-name=\"your-subject\"><input size=\"40\" maxlength=\"400\" class=\"wpcf7-form-control wpcf7-text\" aria-invalid=\"false\" value=\"\" type=\"text\" name=\"your-subject\" \/><\/span> <\/label>\n<\/p>\n<p><label> Your message<br \/>\n<span class=\"wpcf7-form-control-wrap\" data-name=\"your-message\"><textarea cols=\"40\" rows=\"10\" maxlength=\"2000\" class=\"wpcf7-form-control wpcf7-textarea wpcf7-validates-as-required\" aria-required=\"true\" aria-invalid=\"false\" name=\"your-message\"><\/textarea><\/span> <\/label>\n<\/p>\n<p><span class=\"wpcf7-form-control-wrap\" data-name=\"datenschutz-checkbox\"><span class=\"wpcf7-form-control wpcf7-checkbox wpcf7-validates-as-required\"><span class=\"wpcf7-list-item first last\"><label><input type=\"checkbox\" name=\"datenschutz-checkbox[]\" value=\"Ich habe die Datenschutzerkl\u00e4rung gelesen und akzeptiere sie.\" \/><span class=\"wpcf7-list-item-label\">I have read the privacy policy and accept it.<\/span><\/label><\/span><\/span><\/span>\n<\/p>\n<div class=\"borderless\">\n\t<p>More information in the <a href=\"\/en\/datenschutzerklaerung\/\" target=\"_blank\">Privacy policy<\/a>.\n\t<\/p>\n<\/div>\n<p><span id=\"wpcf7-6a01dc733796f-wrapper\" class=\"wpcf7-form-control-wrap honeypot-484-wrap\" style=\"display:none !important; visibility:hidden !important;\"><label for=\"wpcf7-6a01dc733796f-field\" class=\"hp-message\">Bitte lasse dieses Feld leer.<\/label><input id=\"wpcf7-6a01dc733796f-field\"  class=\"wpcf7-form-control wpcf7-text\" type=\"text\" name=\"honeypot-484\" value=\"\" size=\"40\" tabindex=\"-1\" autocomplete=\"new-password\" \/><\/span><br \/>\n<input class=\"wpcf7-form-control wpcf7-submit has-spinner\" type=\"submit\" value=\"Send message\" \/>\n<\/p><div class=\"wpcf7-response-output\" aria-hidden=\"true\"><\/div>\n<input type=\"hidden\" name=\"trp-form-language\" value=\"en\"\/><\/form>\n<\/div>\n\n\n\n\n<blockquote class=\"wp-block-quote is-style-default confirmationBlock has-background has-large-font-size is-layout-flow wp-block-quote-is-layout-flow\" style=\"background-color:#d4edda\">\n<p>Thank you for your enquiry!<\/p>\n<cite>You will receive a confirmation email shortly.<br>If you cannot find the email, please check your spam folder.<\/cite><\/blockquote>\n\n\n\n<script>\ndocument.addEventListener('wpcf7mailsent', function(event) {\n    event.target.style.display = 'none';\n    const confirmation = document.querySelector('.confirmationBlock');\n  if (confirmation) {\n    confirmation.style.display = 'block';\n  }\n}, false);\n<\/script>\n\n\n\n<script>\ndocument.addEventListener(\"DOMContentLoaded\", function() {\n  const img = document.querySelector(\".pgp-copy-img\");\n  if (img) {\n    img.style.cursor = \"pointer\";\n    img.addEventListener(\"click\", function() {\n      const pgpKey = `-----BEGIN PGP PUBLIC KEY BLOCK-----\n\nmQENBGh\/vQ8BCACjuxdY38855VfcyUg\/bZw3sG6uMpAa6if\/4P+6ZSXdPUgolSaY\nxH6ynraF6LBqMaRGf8wejVl5e7RTNyrMfNa8VZrcvavS74GkbI0C9bIjtJAfNcMI\nUp54dsQJ6C6Fq8UwKEgXjbnJ0rptcWeBX9CVVPkwTdSllbSYBuD1fsGx33ojxtfG\nyVZmR3OlBNZnvMGVTIyLJSYh6euCILKjFDeLSWgPrMihbLnOAgutQBbXnj1lqQPn\nzKvXUEnHc2GkejnO6UpH1aoZyTpaggNqiF6u1mby6\/scnfGwi9UGKLZGw2z4Nce7\nDbo2zxK+YXNnIo2VLqztqw+34up80OIr+Ad7ABEBAAG0KkthaSBCbGFjaHV0IChQ\nR1ApIDxrb250YWt0QGthaS1ibGFjaHV0LmRlPokBTgQTAQgAOBYhBJaetYyGFfl4\nb\/yRGUOV\/D3tAp+7BQJof70PAhsvBQsJCAcCBhUKCQgLAgQWAgMBAh4BAheAAAoJ\nEEOV\/D3tAp+7rhYH\/ijdysXHZzwYH5XNHsPwH065BHJ4n\/7AYybiSIWSmqkXfKOJ\no+YJ2sBuBgK2unxoVZpxOZKhHu6KHJicLRuDHGDuzeKxi9xlBB1PT609J7BUwJkw\nitC6zY\/OX4k+plQ0HmmF5DKOK0iENsf0P6dK1wACXjOhQqKel9B5pQ7WrPyW+MxX\n0sHu+DXNHJ7fDAe0d3fJ66+F9Y7r7YtrhxV\/gE90aobXj+VIy8O1YmJ7hIcFf1T5\nIsVlOHqFKTVMsl2fWg5WGlGTIaqiI2Yc+EYVGNsWmQMFehm28z\/iVUP95b6RWHVJ\nU\/9PL18mr3f3V1yPVeYWUDa7hGOA4T8R1M544R65AQ0EaH+9DwEIALSSt1jYY3Qj\njE1SBRKH3a\/CW10kasf8+SbudU8VoNyQ14vkGYEwhmbL1SmEyBRPSuXL5KtoPLGr\nlQUXr\/CC\/OTZW5ibliDkTBcjgm4Mj4YR7tQxeZFwjQlIUimXgRbwC6UBxnZU65GZ\n68hiGqhBPANNPmL8VYxg8vf1kOc1TxQntZLwu2kQ5Z80TRsEIEmF1vE6k4\/pMndq\nmlhAKUtQuT524QSZNzAlmlqgbK5vcCGZcdwwXIhvSEHXno5LTldzb3U3TqiUHs+p\nsE\/hFeb2MPUjBCHctrLz0srwvDLRWXM6j9TgSDblpZjWpyNhfemd2bxsM55+s88t\n5+4bl7p9kJEAEQEAAYkCbAQYAQgAIBYhBJaetYyGFfl4b\/yRGUOV\/D3tAp+7BQJo\nf70PAhsuAUAJEEOV\/D3tAp+7wHQgBBkBCAAdFiEEdJ\/\/VhHCX3+mbQDHkpPXUymp\nYN8FAmh\/vQ8ACgkQkpPXUympYN9MKQf+JGTrl\/phiyaJcGTSCzhdzVX3GJPQmQ8s\n93EvIqOsxtc9\/yB8OOMtnMkv\/j9T+y5VaNpNeJ4goXuPIpKpBJlnPnc3ed36CbDQ\n3fb3298cBR2TmiYlBe7VZraCzPsaB6FlWV4dOxbf3h4e60FuO4\/xdaq0hEmqhKnd\ntAP8\/Og88KUgFhi9puZXAaznFDFi7kfA1IkluuDKGDaeEGHmf2fc1hVOydmJXbmf\nGBDg7Tm\/OSTGIm3bWWeAh3kLjksC8wFyUtlD9rXg9ao2KRRnCgiMSCXTaPW0iM+s\n2w0imNb6l6cKidvFgdO4i8dDQKXGXXiZG+MgeUaPCjnP+wNfgC\/OP0REB\/93FdHC\nEAkKXopyG\/Cwb88Z5Y1Iyx1FUDnIH3VySFa5k\/Jtiz\/w\/jL4zLkVK\/beQOVu4ekp\nis\/BqQgdx\/GaFYCP6qE3pGeEyi7j9Mjl9jJ+2tfuLzWD17TVs1y7R4b+nTHTU5IH\nso7YkpQYGhYOy\/aAMXaoTe4rB\/eLRn2PCcXKWqvIjwLmYNnyKc5ojbe+vTDU7P6v\nLx9COkdpMCLuF3kK+YlQCe7ytz2j4TCNrCZAjQo1Fa+QnSeomZXrCEunCNyaO5hQ\nw1VY1pb+tsHHtDBE+vNaqSjoayBXnSvxr7ErEgq\/xLsch8ELJTulspGqV\/pK\/Cv8\ninyg6y2Uk\/2RtJ\/5\n=w6Ip\n-----END PGP PUBLIC KEY BLOCK-----`;\n\n      navigator.clipboard.writeText(pgpKey).then(() => {\n        alert(\"\u2705 PGP-Key wurde in die Zwischenablage kopiert!\");\n      }).catch(err => {\n        alert(\"\u274c Fehler beim Kopieren.\");\n        console.error(err);\n      });\n    });\n  }\n});\n<\/script>","protected":false},"excerpt":{"rendered":"<p>Sie k\u00f6nnen mich unter dieser E-Mail-Adresse erreichen: Alternativ k\u00f6nnen Sie auch das folgende Formular ausf\u00fcllen: Vielen Dank f\u00fcr Ihre Anfrage! Sie erhalten in K\u00fcrze eine Best\u00e4tigungs-E-Mail.Falls Sie keine E-Mail finden, schauen Sie bitte auch im Spam-Ordner nach.<\/p>","protected":false},"author":1,"featured_media":0,"parent":0,"menu_order":0,"comment_status":"closed","ping_status":"closed","template":"","meta":{"_acf_changed":false,"footnotes":""},"class_list":["post-651","page","type-page","status-publish","hentry"],"acf":[],"_links":{"self":[{"href":"https:\/\/kai-blachut.de\/en\/wp-json\/wp\/v2\/pages\/651","targetHints":{"allow":["GET"]}}],"collection":[{"href":"https:\/\/kai-blachut.de\/en\/wp-json\/wp\/v2\/pages"}],"about":[{"href":"https:\/\/kai-blachut.de\/en\/wp-json\/wp\/v2\/types\/page"}],"author":[{"embeddable":true,"href":"https:\/\/kai-blachut.de\/en\/wp-json\/wp\/v2\/users\/1"}],"replies":[{"embeddable":true,"href":"https:\/\/kai-blachut.de\/en\/wp-json\/wp\/v2\/comments?post=651"}],"version-history":[{"count":10,"href":"https:\/\/kai-blachut.de\/en\/wp-json\/wp\/v2\/pages\/651\/revisions"}],"predecessor-version":[{"id":699,"href":"https:\/\/kai-blachut.de\/en\/wp-json\/wp\/v2\/pages\/651\/revisions\/699"}],"wp:attachment":[{"href":"https:\/\/kai-blachut.de\/en\/wp-json\/wp\/v2\/media?parent=651"}],"curies":[{"name":"wp","href":"https:\/\/api.w.org\/{rel}","templated":true}]}}