{"id":98,"date":"2025-06-13T16:49:46","date_gmt":"2025-06-13T15:49:46","guid":{"rendered":"https:\/\/kai-blachut.de\/?page_id=98"},"modified":"2025-07-21T14:59:58","modified_gmt":"2025-07-21T13:59:58","slug":"kontakt-video","status":"publish","type":"page","link":"https:\/\/kai-blachut.de\/en\/kontakt-video\/","title":{"rendered":"Video call"},"content":{"rendered":"<div class=\"wpcf7 no-js\" id=\"wpcf7-f530-o1\" lang=\"de-DE\" dir=\"ltr\" data-wpcf7-id=\"530\">\n<div class=\"screen-reader-response\"><p role=\"status\" aria-live=\"polite\" aria-atomic=\"true\"><\/p> <ul><\/ul><\/div>\n<form action=\"\/en\/wp-json\/wp\/v2\/pages\/98#wpcf7-f530-o1\" method=\"post\" class=\"wpcf7-form init\" aria-label=\"Contact form\" novalidate=\"novalidate\" data-status=\"init\" data-trp-original-action=\"\/en\/wp-json\/wp\/v2\/pages\/98#wpcf7-f530-o1\">\n<fieldset class=\"hidden-fields-container\"><input type=\"hidden\" name=\"_wpcf7\" value=\"530\" \/><input type=\"hidden\" name=\"_wpcf7_version\" value=\"6.1.5\" \/><input type=\"hidden\" name=\"_wpcf7_locale\" value=\"de_DE\" \/><input type=\"hidden\" name=\"_wpcf7_unit_tag\" value=\"wpcf7-f530-o1\" \/><input type=\"hidden\" name=\"_wpcf7_container_post\" value=\"0\" \/><input type=\"hidden\" name=\"_wpcf7_posted_data_hash\" value=\"\" \/><input type=\"hidden\" name=\"_wpcf7_recaptcha_response\" value=\"\" \/>\n<\/fieldset>\n<p>Choose a free appointment for a initial consultation - free of charge and without obligation.\n<\/p>\n<p><label> Your appointment<br \/>\n<span class=\"wpcf7-form-control-wrap\" data-name=\"termin\"><select class=\"wpcf7-form-control wpcf7-select wpcf7-validates-as-required\" aria-required=\"true\" aria-invalid=\"false\" name=\"termin\"><option value=\"\">&#8211; Bitte ausw\u00e4hlen &#8211;<\/option><option value=\"Dienstag\/Tuesday 10:00\u201311:00 (n\u00e4chster verf\u00fcgbarer Termin)\">Dienstag\/Tuesday 10:00\u201311:00 (n\u00e4chster verf\u00fcgbarer Termin)<\/option><option value=\"Donnerstag\/Thursday 14:00\u201315:00 (n\u00e4chster verf\u00fcgbarer Termin)\">Donnerstag\/Thursday 14:00\u201315:00 (n\u00e4chster verf\u00fcgbarer Termin)<\/option><\/select><\/span><br \/>\n<\/label>\n<\/p>\n<p><label> Your name<br \/>\n<span class=\"wpcf7-form-control-wrap\" data-name=\"your-name\"><input size=\"40\" maxlength=\"400\" class=\"wpcf7-form-control wpcf7-text wpcf7-validates-as-required\" autocomplete=\"name\" aria-required=\"true\" aria-invalid=\"false\" value=\"\" type=\"text\" name=\"your-name\" \/><\/span> <\/label>\n<\/p>\n<p><label> Your E-Mail address<br \/>\n<span class=\"wpcf7-form-control-wrap\" data-name=\"your-email\"><input size=\"40\" maxlength=\"400\" class=\"wpcf7-form-control wpcf7-email wpcf7-validates-as-required wpcf7-text wpcf7-validates-as-email\" autocomplete=\"email\" aria-required=\"true\" aria-invalid=\"false\" value=\"\" type=\"email\" name=\"your-email\" \/><\/span> <\/label>\n<\/p>\n<p><span class=\"wpcf7-form-control-wrap\" data-name=\"datenschutz-checkbox\"><span class=\"wpcf7-form-control wpcf7-checkbox wpcf7-validates-as-required\"><span class=\"wpcf7-list-item first last\"><label><input type=\"checkbox\" name=\"datenschutz-checkbox[]\" value=\"Ich habe die Datenschutzerkl\u00e4rung gelesen und akzeptiere sie.\" \/><span class=\"wpcf7-list-item-label\">I have read the privacy policy and accept it.<\/span><\/label><\/span><\/span><\/span>\n<\/p>\n<div class=\"borderless\">\n\t<p>More information in the <a href=\"\/en\/datenschutzerklaerung\/\" target=\"_blank\">Privacy policy<\/a>.\n\t<\/p>\n<\/div>\n<p><span id=\"wpcf7-6a01dc757d6b6-wrapper\" class=\"wpcf7-form-control-wrap honeypot-660-wrap\" style=\"display:none !important; visibility:hidden !important;\"><label for=\"wpcf7-6a01dc757d6b6-field\" class=\"hp-message\">Bitte lasse dieses Feld leer.<\/label><input id=\"wpcf7-6a01dc757d6b6-field\"  class=\"wpcf7-form-control wpcf7-text\" type=\"text\" name=\"honeypot-660\" value=\"\" size=\"40\" tabindex=\"-1\" autocomplete=\"new-password\" \/><\/span><br \/>\n<input class=\"wpcf7-form-control wpcf7-submit has-spinner\" type=\"submit\" value=\"Request an appointment\" \/>\n<\/p><div class=\"wpcf7-response-output\" aria-hidden=\"true\"><\/div>\n<input type=\"hidden\" name=\"trp-form-language\" value=\"en\"\/><\/form>\n<\/div>\n\n\n\n\n<blockquote class=\"wp-block-quote is-style-default confirmationBlock has-background has-large-font-size is-layout-flow wp-block-quote-is-layout-flow\" style=\"background-color:#d4edda\">\n<p>Thank you for your enquiry!<\/p>\n<cite>You will receive a confirmation email shortly.<br>If you cannot find the email, please check your spam folder.<\/cite><\/blockquote>\n\n\n\n<div style=\"height:13px\" aria-hidden=\"true\" class=\"wp-block-spacer\"><\/div>\n\n\n\n<script>\ndocument.addEventListener('wpcf7mailsent', function(event) {\n    event.target.style.display = 'none';\n    const confirmation = document.querySelector('.confirmationBlock');\n  if (confirmation) {\n    confirmation.style.display = 'block';\n  }\n}, false);\n<\/script>\n\n\n\n<p><br><\/p>\n\n\n\n<div style=\"height:46px\" aria-hidden=\"true\" class=\"wp-block-spacer\"><\/div>","protected":false},"excerpt":{"rendered":"<p>Vielen Dank f\u00fcr Ihre Anfrage! Sie erhalten in K\u00fcrze eine Best\u00e4tigungs-E-Mail.Falls Sie keine E-Mail finden, schauen Sie bitte auch im Spam-Ordner nach.<\/p>","protected":false},"author":1,"featured_media":0,"parent":0,"menu_order":0,"comment_status":"closed","ping_status":"closed","template":"","meta":{"_acf_changed":false,"footnotes":""},"class_list":["post-98","page","type-page","status-publish","hentry"],"acf":[],"_links":{"self":[{"href":"https:\/\/kai-blachut.de\/en\/wp-json\/wp\/v2\/pages\/98","targetHints":{"allow":["GET"]}}],"collection":[{"href":"https:\/\/kai-blachut.de\/en\/wp-json\/wp\/v2\/pages"}],"about":[{"href":"https:\/\/kai-blachut.de\/en\/wp-json\/wp\/v2\/types\/page"}],"author":[{"embeddable":true,"href":"https:\/\/kai-blachut.de\/en\/wp-json\/wp\/v2\/users\/1"}],"replies":[{"embeddable":true,"href":"https:\/\/kai-blachut.de\/en\/wp-json\/wp\/v2\/comments?post=98"}],"version-history":[{"count":15,"href":"https:\/\/kai-blachut.de\/en\/wp-json\/wp\/v2\/pages\/98\/revisions"}],"predecessor-version":[{"id":685,"href":"https:\/\/kai-blachut.de\/en\/wp-json\/wp\/v2\/pages\/98\/revisions\/685"}],"wp:attachment":[{"href":"https:\/\/kai-blachut.de\/en\/wp-json\/wp\/v2\/media?parent=98"}],"curies":[{"name":"wp","href":"https:\/\/api.w.org\/{rel}","templated":true}]}}